{"id":1348,"date":"2019-04-09T16:57:15","date_gmt":"2019-04-09T16:57:15","guid":{"rendered":"https:\/\/talleresloam.com\/avisos-legales\/"},"modified":"2019-05-20T13:12:35","modified_gmt":"2019-05-20T11:12:35","slug":"avisos-legals","status":"publish","type":"page","link":"https:\/\/talleresloam.com\/ca\/avisos-legals\/","title":{"rendered":"Avisos Legals"},"content":{"rendered":"<p>[vc_row][vc_column][vc_column_text]<\/p>\n<div id=\"clickdatos\">\n<p>El present Av\u00eds Legal regula les condicions generals d&#8217;acc\u00e9s i utilitzaci\u00f3 del lloc web accessible en l&#8217;adre\u00e7a URL https:\/\/talleresloam.com (En endavant, el lloc web), que TALLERES LOAM E HIJOS, S.L posa a disposici\u00f3 dels usuaris d&#8217;Internet.<\/p>\n<p>La utilitzaci\u00f3 del lloc web implica l&#8217;acceptaci\u00f3 plena i sense reserves de totes i cadascuna de les disposicions incloses en aquest Av\u00eds Legal. En conseq\u00fc\u00e8ncia, l&#8217;usuari del lloc web ha de llegir atentament el present Av\u00eds Legal en cadascuna de les ocasions en qu\u00e8 es proposi utilitzar la web, ja que el text podria patir modificacions a criteri del titular del web, oa causa d&#8217;un canvi legislatiu , jurisprudencial o en la pr\u00e0ctica empresarial.<\/p>\n<h2>1.- TITULARITAT DEL WEB.<\/h2>\n<p>Ra\u00f3 Social de l&#8217;Empresa: TALLERES LOAM E HIJOS, S.L<br \/>\nNom del titular: TALLERES LOAM E HIJOS, S.L<br \/>\nDomicili social: C\/VENDRELL N\u00ba59<br \/>\nPoblaci\u00f3: Terrassa<br \/>\nProv\u00edncia: Barcelona<br \/>\nC.P.: 08227<br \/>\nC.I.F.\/D.N.I.: B62907050<br \/>\nTel\u00e8fon de contacte: 937851341<br \/>\nCorreu electr\u00f2nic: info@talleresloam.com<br \/>\nDades registrals:<\/p>\n<h2>2.- OBJETCTE.<\/h2>\n<p>El lloc web facilita als usuaris del mateix l&#8217;acc\u00e9s a informaci\u00f3 i serveis prestats per TALLERES LOAM E HIJOS, S.L a aquelles persones o organitzacions interessades en els mateixos.<\/p>\n<h2>3.- ACC\u00c9S I UTILITZACI\u00d3 DEL WEB.<\/h2>\n<p>3.1.- Car\u00e0cter gratu\u00eft de l&#8217;acc\u00e9s i utilitzaci\u00f3 de la web.<br \/>\nL&#8217;acc\u00e9s a la web t\u00e9 car\u00e0cter gratu\u00eft per als usuaris de la mateixa.<br \/>\n3.2.- Registre d&#8217;usuaris.<br \/>\nAmb car\u00e0cter general l&#8217;acc\u00e9s i utilitzaci\u00f3 del web no exigeix la pr\u00e8via subscripci\u00f3 o registre dels usuaris de la mateixa.<\/p>\n<h2>4.- CONTINGUTS DE LA WEB.<\/h2>\n<p>L&#8217;idioma utilitzat pel titular a la web ser\u00e0 el castell\u00e0. TALLERES LOAM E HIJOS, S.L no es responsabilitza de la no comprensi\u00f3 o enteniment de l&#8217;idioma del web per l&#8217;usuari, ni de les seves conseq\u00fc\u00e8ncies.<br \/>\nTALLERES LOAM E HIJOS, S.L podr\u00e0 modificar els continguts sense previ av\u00eds, aix\u00ed com suprimir i canviar aquests dins de la web, com la forma en qu\u00e8 s&#8217;accedeix a aquests, sense cap justificaci\u00f3 i lliurement, no responsabilitzant-se de les conseq\u00fc\u00e8ncies que els mateixos puguin ocasionar als usuaris.<\/p>\n<p>Es prohibeix l&#8217;\u00fas dels continguts del web per promocionar, contractar o divulgar publicitat o informaci\u00f3 pr\u00f2pia o de terceres persones sense l&#8217;autoritzaci\u00f3 de TALLERES LOAM E HIJOS, S.L,ni remetre publicitat o informaci\u00f3 valent-se per a aix\u00f2 dels serveis o informaci\u00f3 que es posen a disposici\u00f3 dels usuaris, independentment de si la utilitzaci\u00f3 \u00e9s gratu\u00efta o no.<\/p>\n<p>Los enlaces o hiperenlaces que incorporen terceros en sus p\u00e1ginas web, dirigidos a esta web, ser\u00e1n para la apertura de la p\u00e1gina web completa, no pudiendo manifestar, directa o indirectamente, indicaciones falsas, inexactas o confusas, ni incurrir en acciones desleales o il\u00edcitas en contra de TALLERES LOAM E HIJOS, S.L<\/p>\n<h2>5.- LIMITACI\u00d3 DE RESPONSABILITAT.<\/h2>\n<p>Tant l&#8217;acc\u00e9s al web com l&#8217;\u00fas no consentit que pugui efectuar-se de la informaci\u00f3 continguda en la mateixa \u00e9s de l&#8217;exclusiva responsabilitat de qui ho realitza. TALLERES LOAM E HIJOS, S.L no respondr\u00e0 de cap conseq\u00fc\u00e8ncia, dany o perjudici que poguessin derivar d&#8217;aquest acc\u00e9s o \u00fas.<\/p>\n<p>TALLERES LOAM E HIJOS, S.L no es fa responsable dels errors de seguretat, que es puguin produir ni dels danys que puguin causar-se al sistema inform\u00e0tic de l&#8217;usuari (maquinari i programari), o als fitxers o documents emmagatzemats en el mateix, com a conseq\u00fc\u00e8ncia de:<\/p>\n<p>&#8211; la pres\u00e8ncia d&#8217;un virus a l&#8217;ordinador de l&#8217;usuari que sigui utilitzat per la connexi\u00f3 als serveis i continguts del web,<br \/>\n&#8211; un mal funcionament del navegador,<br \/>\n&#8211; i \/ o de l&#8217;\u00fas de versions no actualitzades del mateix.<br \/>\nTALLERES LOAM E HIJOS, S.L no es fa responsable de la fiabilitat i rapidesa dels hiperenlla\u00e7os que s&#8217;incorporin al web per a l&#8217;obertura d&#8217;altres.<br \/>\nTALLERES LOAM E HIJOS, S.L no garanteix la utilitat d&#8217;aquests enlla\u00e7os, ni es responsabilitza dels continguts o serveis als quals pugui accedir l&#8217;usuari per mitj\u00e0 d&#8217;aquests enlla\u00e7os, ni del bon funcionament d&#8217;aquestes webs.<br \/>\nTALLERES LOAM E HIJOS, S.L no ser\u00e0 responsable dels virus o altres programes inform\u00e0tics que deteriorin o puguin deteriorar els sistemes o equips inform\u00e0tics dels usuaris a l&#8217;accedir al seu web o altres webs a les que s&#8217;hagi accedit mitjan\u00e7ant enlla\u00e7os d&#8217;aquest web.<\/p>\n<h2>6.- OCUPACI\u00d3 DE LA TECNOLOGIA &#8220;COOKIE&#8221;?.<\/h2>\n<p>El web no utilitza cookies ni qualsevol altre procediment invisible de recollida d&#8217;informaci\u00f3 quan l&#8217;usuari navega per ella, respectant en tot moment la confidencialitat i intimitat del mateix.<br \/>\n*SI S&#8217;EMPREN COOKIES CONSULTAR COMUNICAT SOBRE \u00daS DE COOKIES El web fa servir cookies, pot consultar la nostra Pol\u00edtica de Cookies, que respecta en tot moment la confidencialitat i intimitat del mateix.<\/p>\n<h2>7.- PROPIETAT INTEL\u00b7LECTUAL I INDUSTRIAL.<\/h2>\n<p>S\u00f3n propietat de TALLERES LOAM E HIJOS, S.L, tots els drets de propietat industrial i intel\u00b7lectual del web, aix\u00ed com dels continguts que alberga. Qualsevol \u00fas del web o els seus continguts haur\u00e0 de tenir un car\u00e0cter exclusivament particular.<\/p>\n<h2>\u00a08.- POL\u00cdTICA DE PRIVACITAT I PROTECCI\u00d3 DE DADES<\/h2>\n<p>TALLERES LOAM E HIJOS, S.L garanteix la protecci\u00f3 i confidencialitat de les dades personals, de qualsevol tipus que ens proporcionin les nostres empreses clients d&#8217;acord amb el que disposa la Llei Org\u00e0nica 15\/1999, de 13 de desembre de Protecci\u00f3 de Dades de Car\u00e0cter Personal.<\/p>\n<p>Totes les dades facilitades per les nostres empreses clients a TALLERES LOAM E HIJOS, S.L o al seu personal, seran incloses en un fitxer automatitzat de dades de car\u00e0cter personal creat i mantingut sota la responsabilitat de TALLERES LOAM E HIJOS, S.L, imprescindibles per a prestar els serveis sol\u00b7licitats pels usuaris.<\/p>\n<p>Les dades facilitades seran tractades segons el Reglament de Mesures de Seguretat (Reial Decret 1720\/2007 de 21 de Desembre), en aquest sentit TALLERES LOAM E HIJOS, S.L ha adoptat els nivells de protecci\u00f3 que legalment s&#8217;exigeixen, i ha instal\u00b7lat totes les mesures t\u00e8cniques al seu abast per evitar la p\u00e8rdua, mal \u00fas, alteraci\u00f3, acc\u00e9s no autoritzat per tercers. No obstant, l&#8217;usuari ha de ser conscient que les mesures de seguretat a Internet no s\u00f3n inexpugnables. En cas que consideri oport\u00fa que es cedeixin les seves dades de car\u00e0cter personal a altres entitats, l&#8217;usuari ser\u00e0 informat de les dades cedides, de la finalitat del fitxer i del nom i adre\u00e7a del cessionari, perqu\u00e8 del seu consentiment inequ\u00edvoc al respecte.<\/p>\n<p>En compliment del que estableix la RGPD, l&#8217;usuari podr\u00e0 exercir els seus drets d&#8217;acc\u00e9s, rectificaci\u00f3, cancel\u00b7laci\u00f3 i oposici\u00f3. Per a aix\u00f2 ha de contactar amb nosaltres a info@talleresloam.com<\/p>\n<h2>9.- LEGISLACI\u00d3 APLICABLE I JURISDICCI\u00d3 COMPETENT.<\/h2>\n<p>El present Av\u00eds Legal s&#8217;interpretar\u00e0 i regir\u00e0 de conformitat amb la legislaci\u00f3 espanyola. TALLERES LOAM E HIJOS, S.L i els usuaris, amb ren\u00fancia expressa a qualsevol altre fur que pogu\u00e9s correspondre&#8217;ls, se sotmeten al dels jutjats i tribunals del domicili de l&#8217;usuari per a qualsevol controv\u00e8rsia que pogu\u00e9s derivar de l&#8217;acc\u00e9s o \u00fas de la web. En el cas que l&#8217;usuari tingui el seu domicili fora d&#8217;Espanya, TALLERES LOAM E HIJOS, S.L i l&#8217;usuari, es sotmeten, amb ren\u00fancia expressa a qualsevol altre fur, als jutjats i tribunals del domicili de TALLERES LOAM E HIJOS, S.L<\/p>\n<\/div>\n<p>[\/vc_column_text][\/vc_column][\/vc_row]<\/p>\n","protected":false},"excerpt":{"rendered":"<p>[vc_row][vc_column][vc_column_text] El present Av\u00eds Legal regula les condicions generals d&#8217;acc\u00e9s i utilitzaci\u00f3 del lloc web accessible en l&#8217;adre\u00e7a URL https:\/\/talleresloam.com (En endavant, el lloc web), que TALLERES LOAM E HIJOS, S.L posa a disposici\u00f3 dels usuaris d&#8217;Internet. La utilitzaci\u00f3 del lloc web implica l&#8217;acceptaci\u00f3 plena i sense reserves de totes i cadascuna de les disposicions [&hellip;]<\/p>\n","protected":false},"author":1,"featured_media":0,"parent":0,"menu_order":0,"comment_status":"closed","ping_status":"closed","template":"","meta":{"footnotes":""},"class_list":["post-1348","page","type-page","status-publish","hentry"],"yoast_head":"<!-- This site is optimized with the Yoast SEO plugin v26.2 - https:\/\/yoast.com\/wordpress\/plugins\/seo\/ -->\n<title>Avisos Legals | Talleres Loam<\/title>\n<meta name=\"robots\" content=\"index, follow, max-snippet:-1, max-image-preview:large, max-video-preview:-1\" \/>\n<link rel=\"canonical\" href=\"https:\/\/talleresloam.com\/ca\/avisos-legals\/\" \/>\n<meta property=\"og:locale\" content=\"ca_ES\" \/>\n<meta property=\"og:type\" content=\"article\" \/>\n<meta property=\"og:title\" content=\"Avisos Legals | Talleres Loam\" \/>\n<meta property=\"og:description\" content=\"[vc_row][vc_column][vc_column_text] El present Av\u00eds Legal regula les condicions generals d&#8217;acc\u00e9s i utilitzaci\u00f3 del lloc web accessible en l&#8217;adre\u00e7a URL https:\/\/talleresloam.com (En endavant, el lloc web), que TALLERES LOAM E HIJOS, S.L posa a disposici\u00f3 dels usuaris d&#8217;Internet. La utilitzaci\u00f3 del lloc web implica l&#8217;acceptaci\u00f3 plena i sense reserves de totes i cadascuna de les disposicions [&hellip;]\" \/>\n<meta property=\"og:url\" content=\"https:\/\/talleresloam.com\/ca\/avisos-legals\/\" \/>\n<meta property=\"og:site_name\" content=\"Talleres Loam\" \/>\n<meta property=\"article:modified_time\" content=\"2019-05-20T11:12:35+00:00\" \/>\n<meta name=\"twitter:card\" content=\"summary_large_image\" \/>\n<meta name=\"twitter:label1\" content=\"Temps estimat de lectura\" \/>\n\t<meta name=\"twitter:data1\" content=\"6 minuts\" \/>\n<script type=\"application\/ld+json\" class=\"yoast-schema-graph\">{\"@context\":\"https:\/\/schema.org\",\"@graph\":[{\"@type\":\"WebPage\",\"@id\":\"https:\/\/talleresloam.com\/ca\/avisos-legals\/\",\"url\":\"https:\/\/talleresloam.com\/ca\/avisos-legals\/\",\"name\":\"Avisos Legals | Talleres Loam\",\"isPartOf\":{\"@id\":\"https:\/\/talleresloam.com\/#website\"},\"datePublished\":\"2019-04-09T16:57:15+00:00\",\"dateModified\":\"2019-05-20T11:12:35+00:00\",\"breadcrumb\":{\"@id\":\"https:\/\/talleresloam.com\/ca\/avisos-legals\/#breadcrumb\"},\"inLanguage\":\"ca\",\"potentialAction\":[{\"@type\":\"ReadAction\",\"target\":[\"https:\/\/talleresloam.com\/ca\/avisos-legals\/\"]}]},{\"@type\":\"BreadcrumbList\",\"@id\":\"https:\/\/talleresloam.com\/ca\/avisos-legals\/#breadcrumb\",\"itemListElement\":[{\"@type\":\"ListItem\",\"position\":1,\"name\":\"Portada\",\"item\":\"https:\/\/talleresloam.com\/ca\/\"},{\"@type\":\"ListItem\",\"position\":2,\"name\":\"Avisos Legals\"}]},{\"@type\":\"WebSite\",\"@id\":\"https:\/\/talleresloam.com\/#website\",\"url\":\"https:\/\/talleresloam.com\/\",\"name\":\"Talleres Loam\",\"description\":\"Fontaner\u00eda, instalaciones de sistemas de calefacci\u00f3n y aire acondicionado\",\"publisher\":{\"@id\":\"https:\/\/talleresloam.com\/#organization\"},\"potentialAction\":[{\"@type\":\"SearchAction\",\"target\":{\"@type\":\"EntryPoint\",\"urlTemplate\":\"https:\/\/talleresloam.com\/?s={search_term_string}\"},\"query-input\":{\"@type\":\"PropertyValueSpecification\",\"valueRequired\":true,\"valueName\":\"search_term_string\"}}],\"inLanguage\":\"ca\"},{\"@type\":\"Organization\",\"@id\":\"https:\/\/talleresloam.com\/#organization\",\"name\":\"Talleres Loam\",\"url\":\"https:\/\/talleresloam.com\/\",\"logo\":{\"@type\":\"ImageObject\",\"inLanguage\":\"ca\",\"@id\":\"https:\/\/talleresloam.com\/#\/schema\/logo\/image\/\",\"url\":\"https:\/\/talleresloam.com\/wp-content\/uploads\/2019\/05\/logo-talleres-loam@2x.png\",\"contentUrl\":\"https:\/\/talleresloam.com\/wp-content\/uploads\/2019\/05\/logo-talleres-loam@2x.png\",\"width\":918,\"height\":206,\"caption\":\"Talleres Loam\"},\"image\":{\"@id\":\"https:\/\/talleresloam.com\/#\/schema\/logo\/image\/\"}}]}<\/script>\n<!-- \/ Yoast SEO plugin. -->","yoast_head_json":{"title":"Avisos Legals | Talleres Loam","robots":{"index":"index","follow":"follow","max-snippet":"max-snippet:-1","max-image-preview":"max-image-preview:large","max-video-preview":"max-video-preview:-1"},"canonical":"https:\/\/talleresloam.com\/ca\/avisos-legals\/","og_locale":"ca_ES","og_type":"article","og_title":"Avisos Legals | Talleres Loam","og_description":"[vc_row][vc_column][vc_column_text] El present Av\u00eds Legal regula les condicions generals d&#8217;acc\u00e9s i utilitzaci\u00f3 del lloc web accessible en l&#8217;adre\u00e7a URL https:\/\/talleresloam.com (En endavant, el lloc web), que TALLERES LOAM E HIJOS, S.L posa a disposici\u00f3 dels usuaris d&#8217;Internet. La utilitzaci\u00f3 del lloc web implica l&#8217;acceptaci\u00f3 plena i sense reserves de totes i cadascuna de les disposicions [&hellip;]","og_url":"https:\/\/talleresloam.com\/ca\/avisos-legals\/","og_site_name":"Talleres Loam","article_modified_time":"2019-05-20T11:12:35+00:00","twitter_card":"summary_large_image","twitter_misc":{"Temps estimat de lectura":"6 minuts"},"schema":{"@context":"https:\/\/schema.org","@graph":[{"@type":"WebPage","@id":"https:\/\/talleresloam.com\/ca\/avisos-legals\/","url":"https:\/\/talleresloam.com\/ca\/avisos-legals\/","name":"Avisos Legals | Talleres Loam","isPartOf":{"@id":"https:\/\/talleresloam.com\/#website"},"datePublished":"2019-04-09T16:57:15+00:00","dateModified":"2019-05-20T11:12:35+00:00","breadcrumb":{"@id":"https:\/\/talleresloam.com\/ca\/avisos-legals\/#breadcrumb"},"inLanguage":"ca","potentialAction":[{"@type":"ReadAction","target":["https:\/\/talleresloam.com\/ca\/avisos-legals\/"]}]},{"@type":"BreadcrumbList","@id":"https:\/\/talleresloam.com\/ca\/avisos-legals\/#breadcrumb","itemListElement":[{"@type":"ListItem","position":1,"name":"Portada","item":"https:\/\/talleresloam.com\/ca\/"},{"@type":"ListItem","position":2,"name":"Avisos Legals"}]},{"@type":"WebSite","@id":"https:\/\/talleresloam.com\/#website","url":"https:\/\/talleresloam.com\/","name":"Talleres Loam","description":"Fontaner\u00eda, instalaciones de sistemas de calefacci\u00f3n y aire acondicionado","publisher":{"@id":"https:\/\/talleresloam.com\/#organization"},"potentialAction":[{"@type":"SearchAction","target":{"@type":"EntryPoint","urlTemplate":"https:\/\/talleresloam.com\/?s={search_term_string}"},"query-input":{"@type":"PropertyValueSpecification","valueRequired":true,"valueName":"search_term_string"}}],"inLanguage":"ca"},{"@type":"Organization","@id":"https:\/\/talleresloam.com\/#organization","name":"Talleres Loam","url":"https:\/\/talleresloam.com\/","logo":{"@type":"ImageObject","inLanguage":"ca","@id":"https:\/\/talleresloam.com\/#\/schema\/logo\/image\/","url":"https:\/\/talleresloam.com\/wp-content\/uploads\/2019\/05\/logo-talleres-loam@2x.png","contentUrl":"https:\/\/talleresloam.com\/wp-content\/uploads\/2019\/05\/logo-talleres-loam@2x.png","width":918,"height":206,"caption":"Talleres Loam"},"image":{"@id":"https:\/\/talleresloam.com\/#\/schema\/logo\/image\/"}}]}},"_links":{"self":[{"href":"https:\/\/talleresloam.com\/ca\/wp-json\/wp\/v2\/pages\/1348","targetHints":{"allow":["GET"]}}],"collection":[{"href":"https:\/\/talleresloam.com\/ca\/wp-json\/wp\/v2\/pages"}],"about":[{"href":"https:\/\/talleresloam.com\/ca\/wp-json\/wp\/v2\/types\/page"}],"author":[{"embeddable":true,"href":"https:\/\/talleresloam.com\/ca\/wp-json\/wp\/v2\/users\/1"}],"replies":[{"embeddable":true,"href":"https:\/\/talleresloam.com\/ca\/wp-json\/wp\/v2\/comments?post=1348"}],"version-history":[{"count":3,"href":"https:\/\/talleresloam.com\/ca\/wp-json\/wp\/v2\/pages\/1348\/revisions"}],"predecessor-version":[{"id":1479,"href":"https:\/\/talleresloam.com\/ca\/wp-json\/wp\/v2\/pages\/1348\/revisions\/1479"}],"wp:attachment":[{"href":"https:\/\/talleresloam.com\/ca\/wp-json\/wp\/v2\/media?parent=1348"}],"curies":[{"name":"wp","href":"https:\/\/api.w.org\/{rel}","templated":true}]}}