{"id":1352,"date":"2016-09-07T13:09:26","date_gmt":"2016-09-07T13:09:26","guid":{"rendered":"https:\/\/talleresloam.com\/home\/"},"modified":"2019-05-20T12:56:03","modified_gmt":"2019-05-20T10:56:03","slug":"home","status":"publish","type":"page","link":"https:\/\/talleresloam.com\/ca\/","title":{"rendered":"Inici"},"content":{"rendered":"<p>[vc_row full_width=&#8221;stretch_row&#8221; css=&#8221;.vc_custom_1554882504682{padding-top: 100px !important;padding-bottom: 50px !important;background-color: #f0f4f9 !important;}&#8221;][vc_column width=&#8221;1\/3&#8243; css=&#8221;.vc_custom_1554882890964{padding-right: 30px !important;padding-left: 30px !important;}&#8221;][vc_single_image image=&#8221;961&#8243; img_size=&#8221;50&#215;50&#8243; alignment=&#8221;center&#8221;]<h2 class=\"sc_title sc_title_underline sc_align_center margin_top_small margin_bottom_small\" style=\"font-size: 30px;text-align:center;\">Qualificaci\u00f3<\/h2>[vc_column_text]<\/p>\n<p style=\"text-align: center;\">Disposem de t\u00e8cnics habilitats com Instal\u00b7ladors en Fontaneria, instal\u00b7lacions de sistemes de calefacci\u00f3 i aire condicionat.<\/p>\n<p>[\/vc_column_text][\/vc_column][vc_column width=&#8221;1\/3&#8243; css=&#8221;.vc_custom_1554882900068{padding-right: 30px !important;padding-left: 30px !important;}&#8221;][vc_single_image image=&#8221;952&#8243; img_size=&#8221;50&#215;50&#8243; alignment=&#8221;center&#8221;]<h2 class=\"sc_title sc_title_underline sc_align_center margin_top_small margin_bottom_small\" style=\"font-size: 30px;text-align:center;\">Serietat<\/h2>[vc_column_text]<\/p>\n<p style=\"text-align: center;\">Combinem materials idonis i assessorament per tal de ajustar-nos al m\u00e0xim a les necessitats del client, per oferir el millor servei i la soluci\u00f3 m\u00e9s efectiva.<\/p>\n<p>[\/vc_column_text][vc_empty_space][\/vc_column][vc_column width=&#8221;1\/3&#8243; css=&#8221;.vc_custom_1554882910967{padding-right: 30px !important;padding-left: 30px !important;}&#8221;][vc_single_image image=&#8221;954&#8243; img_size=&#8221;50&#215;50&#8243; alignment=&#8221;center&#8221;]<h2 class=\"sc_title sc_title_underline sc_align_center margin_top_small margin_bottom_small\" style=\"font-size: 30px;text-align:center;\">Experi\u00e8ncia<\/h2>[vc_column_text]<\/p>\n<p style=\"text-align: center;\">Talleres Loam \u00e9s una empresa que ofereix els seus serveis amb efici\u00e8ncia i professionalitat des de fa m\u00e9s de 45 anys.<\/p>\n<p>[\/vc_column_text][\/vc_column][\/vc_row][vc_row full_width=&#8221;stretch_row_content_no_spaces&#8221; css=&#8221;.vc_custom_1528973171018{padding-top: 80px !important;padding-bottom: 80px !important;background-image: url(https:\/\/talleresloam.com\/wp-content\/uploads\/2018\/06\/bg-1.jpg?id=831) !important;background-position: center !important;background-repeat: no-repeat !important;background-size: cover !important;}&#8221;][vc_column width=&#8221;1\/2&#8243;][\/vc_column][vc_column width=&#8221;1\/2&#8243;]<div id=\"sc_call_to_action_1285119992\" class=\"sc_call_to_action sc_call_to_action_accented sc_call_to_action_style_1 sc_call_to_action_align_center margin_bottom_huge\" style=\"text-transform: none;width:100%;\"><div class=\"sc_call_to_action_featured column-1_2\">[vc_empty_space]<\/div><div class=\"sc_call_to_action_info\"><h2 class=\"sc_call_to_action_title sc_item_title sc_item_title_without_descr\">Nosaltres<\/h2><div class=\"sc_call_to_action_descr sc_item_descr\">La tasca de Talleres Loam, des dels seus or\u00edgens, \u00e9s la de seguir oferint al client nostre m\u00e0xim rendiment sense deixar d'evolucionar en el sector i sobretot d'una manera humana i propera perqu\u00e8 el client se senti a gust i satisfet del nostre treball.<br \/>\n<strong>Inscrita en el registre d'empreses acreditades de la construcci\u00f3 de Catalunya (REA) N\u00ba 09000060157 <\/strong><br \/>\n<strong> Empresa agremiada al ``Gremi d'Instal\u00b7ladors de Terrassa i Comer\u00e7 Greintec`` <\/strong><\/div><div class=\"sc_call_to_action_buttons sc_item_buttons\"><div class=\"sc_call_to_action_button sc_item_button\"><a href=\"\/ca\/sobre-nosaltres\" class=\"sc_button sc_button_square sc_button_style_filled sc_button_size_small sc_button_style_color_style2 sc_popup_link\">Veure m\u00e9s<\/a><\/div><\/div><\/div><\/div>[\/vc_column][\/vc_row][vc_row][vc_column][vc_empty_space height=&#8221;2.55em&#8221;]<div id=\"sc_services_1387177047_wrap\" class=\"sc_services_wrap\"><div id=\"sc_services_1387177047\" class=\"sc_services sc_services_style_services-1 sc_services_type_images  margin_top_huge margin_bottom_huge aligncenter\" style=\"width:100%;\"><h2 class=\"sc_services_title sc_item_title sc_item_title_without_descr\">Serveis Destacats<\/h2><div class=\"sc_slider_swiper swiper-slider-container sc_slider_nopagination sc_slider_controls sc_slider_controls_bottom sc_slider_height_auto\" data-interval=\"5922\" data-slides-per-view=\"3\" data-slides-space=\"30\" data-slides-min-width=\"250\"><div class=\"slides swiper-wrapper\"><div class=\"swiper-slide\" data-style=\"width:100%;\" style=\"width:100%;\"><div class=\"sc_services_item_wrap\">\t\t\t<div id=\"sc_services_1387177047_1\"\t\t\t\tclass=\"sc_services_item sc_services_item_1 odd first\"\n\t\t\t\t>\n\t\t\t\t\t\t\t\t\t<div class=\"sc_services_item_featured post_featured\">\n\t\t\t\t\t\t\t<div class=\"post_thumb\" data-image=\"https:\/\/talleresloam.com\/wp-content\/uploads\/2016\/09\/Legionela.jpg\" data-title=\"Tractament de Legionel\u00b7la\">\n\t<a class=\"hover_icon hover_icon_link\" href=\"https:\/\/talleresloam.com\/ca\/services\/tractament-legionella\/\"><img loading=\"lazy\" decoding=\"async\" class=\"wp-post-image\" width=\"370\" height=\"209\" alt=\"Tractament de Legionel\u00b7la\" src=\"https:\/\/talleresloam.com\/wp-content\/uploads\/2016\/09\/Legionela-370x209.jpg\"><\/a>\t<\/div>\n\t\t\t\t\t\t<\/div>\n\t\t\t\t\t\t\t\t\t<div class=\"sc_services_item_content\">\n\t\t\t\t\t<h4 class=\"sc_services_item_title\"><a href=\"https:\/\/talleresloam.com\/ca\/services\/tractament-legionella\/\">Tractament de Legionel\u00b7la<\/a><\/h4>\n\t\t\t\t\t<div class=\"sc_services_item_description\">\n\t\t\t\t\t\t<p>[vc_row][vc_column][vc_column_text]Empresa inscrita al Registre Oficial d&#8217;Establiments i...<\/p>\t\t\t\t\t<\/div>\n\t\t\t\t<\/div>\n\t\t\t<\/div>\n\t\t<\/div><\/div><div class=\"swiper-slide\" data-style=\"width:100%;\" style=\"width:100%;\"><div class=\"sc_services_item_wrap\">\t\t\t<div id=\"sc_services_1387177047_2\"\t\t\t\tclass=\"sc_services_item sc_services_item_2 even\"\n\t\t\t\t>\n\t\t\t\t\t\t\t\t\t<div class=\"sc_services_item_featured post_featured\">\n\t\t\t\t\t\t\t<div class=\"post_thumb\" data-image=\"https:\/\/talleresloam.com\/wp-content\/uploads\/2016\/09\/PLACAS-SOLARES-min.jpg\" data-title=\"Energies renovables\">\n\t<a class=\"hover_icon hover_icon_link\" href=\"https:\/\/talleresloam.com\/ca\/services\/energies-renovables\/\"><img loading=\"lazy\" decoding=\"async\" class=\"wp-post-image\" width=\"370\" height=\"209\" alt=\"Energies renovables\" src=\"https:\/\/talleresloam.com\/wp-content\/uploads\/2016\/09\/PLACAS-SOLARES-min-370x209.jpg\"><\/a>\t<\/div>\n\t\t\t\t\t\t<\/div>\n\t\t\t\t\t\t\t\t\t<div class=\"sc_services_item_content\">\n\t\t\t\t\t<h4 class=\"sc_services_item_title\"><a href=\"https:\/\/talleresloam.com\/ca\/services\/energies-renovables\/\">Energies renovables<\/a><\/h4>\n\t\t\t\t\t<div class=\"sc_services_item_description\">\n\t\t\t\t\t\t<p>[vc_row][vc_column][vc_column_text]Per als que opten per la utilitzaci\u00f3 d&#8217;energies...<\/p>\t\t\t\t\t<\/div>\n\t\t\t\t<\/div>\n\t\t\t<\/div>\n\t\t<\/div><\/div><div class=\"swiper-slide\" data-style=\"width:100%;\" style=\"width:100%;\"><div class=\"sc_services_item_wrap\">\t\t\t<div id=\"sc_services_1387177047_3\"\t\t\t\tclass=\"sc_services_item sc_services_item_3 odd\"\n\t\t\t\t>\n\t\t\t\t\t\t\t\t\t<div class=\"sc_services_item_featured post_featured\">\n\t\t\t\t\t\t\t<div class=\"post_thumb\" data-image=\"https:\/\/talleresloam.com\/wp-content\/uploads\/2016\/09\/calefaccion_gran.jpg\" data-title=\"Calefacci\u00f3\">\n\t<a class=\"hover_icon hover_icon_link\" href=\"https:\/\/talleresloam.com\/ca\/services\/calefaccio\/\"><img loading=\"lazy\" decoding=\"async\" class=\"wp-post-image\" width=\"370\" height=\"209\" alt=\"Calefacci\u00f3\" src=\"https:\/\/talleresloam.com\/wp-content\/uploads\/2016\/09\/calefaccion_gran-370x209.jpg\"><\/a>\t<\/div>\n\t\t\t\t\t\t<\/div>\n\t\t\t\t\t\t\t\t\t<div class=\"sc_services_item_content\">\n\t\t\t\t\t<h4 class=\"sc_services_item_title\"><a href=\"https:\/\/talleresloam.com\/ca\/services\/calefaccio\/\">Calefacci\u00f3<\/a><\/h4>\n\t\t\t\t\t<div class=\"sc_services_item_description\">\n\t\t\t\t\t\t<p>[vc_row][vc_column][vc_column_text]Talleres Loam \u00e9s una empresa autoritzada pel Departament...<\/p>\t\t\t\t\t<\/div>\n\t\t\t\t<\/div>\n\t\t\t<\/div>\n\t\t<\/div><\/div><div class=\"swiper-slide\" data-style=\"width:100%;\" style=\"width:100%;\"><div class=\"sc_services_item_wrap\">\t\t\t<div id=\"sc_services_1387177047_4\"\t\t\t\tclass=\"sc_services_item sc_services_item_4 even\"\n\t\t\t\t>\n\t\t\t\t\t\t\t\t\t<div class=\"sc_services_item_featured post_featured\">\n\t\t\t\t\t\t\t<div class=\"post_thumb\" data-image=\"https:\/\/talleresloam.com\/wp-content\/uploads\/2016\/09\/climatizacion.jpg\" data-title=\"Lampisteria\">\n\t<a class=\"hover_icon hover_icon_link\" href=\"https:\/\/talleresloam.com\/ca\/services\/lampisteria\/\"><img loading=\"lazy\" decoding=\"async\" class=\"wp-post-image\" width=\"370\" height=\"209\" alt=\"Lampisteria\" src=\"https:\/\/talleresloam.com\/wp-content\/uploads\/2016\/09\/climatizacion-370x209.jpg\"><\/a>\t<\/div>\n\t\t\t\t\t\t<\/div>\n\t\t\t\t\t\t\t\t\t<div class=\"sc_services_item_content\">\n\t\t\t\t\t<h4 class=\"sc_services_item_title\"><a href=\"https:\/\/talleresloam.com\/ca\/services\/lampisteria\/\">Lampisteria<\/a><\/h4>\n\t\t\t\t\t<div class=\"sc_services_item_description\">\n\t\t\t\t\t\t<p>[vc_row][vc_column width=&#8221;1\/2&#8243;][vc_empty_space...<\/p>\t\t\t\t\t<\/div>\n\t\t\t\t<\/div>\n\t\t\t<\/div>\n\t\t<\/div><\/div><div class=\"swiper-slide\" data-style=\"width:100%;\" style=\"width:100%;\"><div class=\"sc_services_item_wrap\">\t\t\t<div id=\"sc_services_1387177047_5\"\t\t\t\tclass=\"sc_services_item sc_services_item_5 odd\"\n\t\t\t\t>\n\t\t\t\t\t\t\t\t\t<div class=\"sc_services_item_featured post_featured\">\n\t\t\t\t\t\t\t<div class=\"post_thumb\" data-image=\"https:\/\/talleresloam.com\/wp-content\/uploads\/2016\/09\/tuberias_grande.jpg\" data-title=\"Caldereria\">\n\t<a class=\"hover_icon hover_icon_link\" href=\"https:\/\/talleresloam.com\/ca\/services\/caldereria\/\"><img loading=\"lazy\" decoding=\"async\" class=\"wp-post-image\" width=\"370\" height=\"209\" alt=\"Caldereria\" src=\"https:\/\/talleresloam.com\/wp-content\/uploads\/2016\/09\/tuberias_grande-370x209.jpg\"><\/a>\t<\/div>\n\t\t\t\t\t\t<\/div>\n\t\t\t\t\t\t\t\t\t<div class=\"sc_services_item_content\">\n\t\t\t\t\t<h4 class=\"sc_services_item_title\"><a href=\"https:\/\/talleresloam.com\/ca\/services\/caldereria\/\">Caldereria<\/a><\/h4>\n\t\t\t\t\t<div class=\"sc_services_item_description\">\n\t\t\t\t\t\t<p>[vc_row][vc_column][vc_column_text]En Talleres Loam instal\u00b7lem canonades de vapor, aigua, gas...<\/p>\t\t\t\t\t<\/div>\n\t\t\t\t<\/div>\n\t\t\t<\/div>\n\t\t<\/div><\/div><div class=\"swiper-slide\" data-style=\"width:100%;\" style=\"width:100%;\"><div class=\"sc_services_item_wrap\">\t\t\t<div id=\"sc_services_1387177047_6\"\t\t\t\tclass=\"sc_services_item sc_services_item_6 even\"\n\t\t\t\t>\n\t\t\t\t\t\t\t\t\t<div class=\"sc_services_item_featured post_featured\">\n\t\t\t\t\t\t\t<div class=\"post_thumb\" data-image=\"https:\/\/talleresloam.com\/wp-content\/uploads\/2016\/09\/agua_grande.jpg\" data-title=\"Aigua\">\n\t<a class=\"hover_icon hover_icon_link\" href=\"https:\/\/talleresloam.com\/ca\/services\/aigua\/\"><img loading=\"lazy\" decoding=\"async\" class=\"wp-post-image\" width=\"370\" height=\"209\" alt=\"Aigua\" src=\"https:\/\/talleresloam.com\/wp-content\/uploads\/2016\/09\/agua_grande-370x209.jpg\"><\/a>\t<\/div>\n\t\t\t\t\t\t<\/div>\n\t\t\t\t\t\t\t\t\t<div class=\"sc_services_item_content\">\n\t\t\t\t\t<h4 class=\"sc_services_item_title\"><a href=\"https:\/\/talleresloam.com\/ca\/services\/aigua\/\">Aigua<\/a><\/h4>\n\t\t\t\t\t<div class=\"sc_services_item_description\">\n\t\t\t\t\t\t<p>[vc_row][vc_column][vc_column_text]Realitzem tot tipus d&#8217;instal\u00b7lacions, reparacions i...<\/p>\t\t\t\t\t<\/div>\n\t\t\t\t<\/div>\n\t\t\t<\/div>\n\t\t<\/div><\/div><div class=\"swiper-slide\" data-style=\"width:100%;\" style=\"width:100%;\"><div class=\"sc_services_item_wrap\">\t\t\t<div id=\"sc_services_1387177047_7\"\t\t\t\tclass=\"sc_services_item sc_services_item_7 odd\"\n\t\t\t\t>\n\t\t\t\t\t\t\t\t\t<div class=\"sc_services_item_featured post_featured\">\n\t\t\t\t\t\t\t<div class=\"post_thumb\" data-image=\"https:\/\/talleresloam.com\/wp-content\/uploads\/2016\/09\/gas_grande.jpg\" data-title=\"Gas\">\n\t<a class=\"hover_icon hover_icon_link\" href=\"https:\/\/talleresloam.com\/ca\/services\/gas\/\"><img loading=\"lazy\" decoding=\"async\" class=\"wp-post-image\" width=\"370\" height=\"209\" alt=\"Gas\" src=\"https:\/\/talleresloam.com\/wp-content\/uploads\/2016\/09\/gas_grande-370x209.jpg\"><\/a>\t<\/div>\n\t\t\t\t\t\t<\/div>\n\t\t\t\t\t\t\t\t\t<div class=\"sc_services_item_content\">\n\t\t\t\t\t<h4 class=\"sc_services_item_title\"><a href=\"https:\/\/talleresloam.com\/ca\/services\/gas\/\">Gas<\/a><\/h4>\n\t\t\t\t\t<div class=\"sc_services_item_description\">\n\t\t\t\t\t\t<p>[vc_row][vc_column][vc_column_text]Talleres Loam \u00e9s una empresa autoritzada pel Departament...<\/p>\t\t\t\t\t<\/div>\n\t\t\t\t<\/div>\n\t\t\t<\/div>\n\t\t<\/div><\/div><div class=\"swiper-slide\" data-style=\"width:100%;\" style=\"width:100%;\"><div class=\"sc_services_item_wrap\">\t\t\t<div id=\"sc_services_1387177047_8\"\t\t\t\tclass=\"sc_services_item sc_services_item_8 even\"\n\t\t\t\t>\n\t\t\t\t\t\t\t\t\t<div class=\"sc_services_item_featured post_featured\">\n\t\t\t\t\t\t\t<div class=\"post_thumb\" data-image=\"https:\/\/talleresloam.com\/wp-content\/uploads\/2019\/04\/Electricidad-Analisis-de-red-y-verifiaci\u00f3n-de-la-seguridad-el\u00e9ctrica.jpg\" data-title=\"Electricitat\">\n\t<a class=\"hover_icon hover_icon_link\" href=\"https:\/\/talleresloam.com\/ca\/services\/electricitat\/\"><img loading=\"lazy\" decoding=\"async\" class=\"wp-post-image\" width=\"370\" height=\"209\" alt=\"Electricitat\" src=\"https:\/\/talleresloam.com\/wp-content\/uploads\/2019\/04\/Electricidad-Analisis-de-red-y-verifiaci\u00f3n-de-la-seguridad-el\u00e9ctrica-370x209.jpg\"><\/a>\t<\/div>\n\t\t\t\t\t\t<\/div>\n\t\t\t\t\t\t\t\t\t<div class=\"sc_services_item_content\">\n\t\t\t\t\t<h4 class=\"sc_services_item_title\"><a href=\"https:\/\/talleresloam.com\/ca\/services\/electricitat\/\">Electricitat<\/a><\/h4>\n\t\t\t\t\t<div class=\"sc_services_item_description\">\n\t\t\t\t\t\t<p>[vc_row][vc_column][vc_column_text]Talleres Loam \u00e9s una empresa autoritzada pel Departament...<\/p>\t\t\t\t\t<\/div>\n\t\t\t\t<\/div>\n\t\t\t<\/div>\n\t\t<\/div><\/div><div class=\"swiper-slide\" data-style=\"width:100%;\" style=\"width:100%;\"><div class=\"sc_services_item_wrap\">\t\t\t<div id=\"sc_services_1387177047_9\"\t\t\t\tclass=\"sc_services_item sc_services_item_9 odd\"\n\t\t\t\t>\n\t\t\t\t\t\t\t\t\t<div class=\"sc_services_item_featured post_featured\">\n\t\t\t\t\t\t\t<div class=\"post_thumb\" data-image=\"https:\/\/talleresloam.com\/wp-content\/uploads\/2019\/04\/Cuadro-el\u00e9ctrico.jpg\" data-title=\"Il\u00b7luminaci\u00f3\">\n\t<a class=\"hover_icon hover_icon_link\" href=\"https:\/\/talleresloam.com\/ca\/services\/illuminacio\/\"><img loading=\"lazy\" decoding=\"async\" class=\"wp-post-image\" width=\"370\" height=\"209\" alt=\"Il\u00b7luminaci\u00f3\" src=\"https:\/\/talleresloam.com\/wp-content\/uploads\/2019\/04\/Cuadro-el\u00e9ctrico-370x209.jpg\"><\/a>\t<\/div>\n\t\t\t\t\t\t<\/div>\n\t\t\t\t\t\t\t\t\t<div class=\"sc_services_item_content\">\n\t\t\t\t\t<h4 class=\"sc_services_item_title\"><a href=\"https:\/\/talleresloam.com\/ca\/services\/illuminacio\/\">Il\u00b7luminaci\u00f3<\/a><\/h4>\n\t\t\t\t\t<div class=\"sc_services_item_description\">\n\t\t\t\t\t\t<p>[vc_row][vc_column][vc_column_text]En Talleres Loam contribu\u00efm a l&#8217;estalvi i...<\/p>\t\t\t\t\t<\/div>\n\t\t\t\t<\/div>\n\t\t\t<\/div>\n\t\t<\/div><\/div><div class=\"swiper-slide\" data-style=\"width:100%;\" style=\"width:100%;\"><div class=\"sc_services_item_wrap\">\t\t\t<div id=\"sc_services_1387177047_10\"\t\t\t\tclass=\"sc_services_item sc_services_item_10 even\"\n\t\t\t\t>\n\t\t\t\t\t\t\t\t\t<div class=\"sc_services_item_featured post_featured\">\n\t\t\t\t\t\t\t<div class=\"post_thumb\" data-image=\"https:\/\/talleresloam.com\/wp-content\/uploads\/2019\/04\/AACC2.jpg\" data-title=\"Aire condicionat\">\n\t<a class=\"hover_icon hover_icon_link\" href=\"https:\/\/talleresloam.com\/ca\/services\/aire-condicionat\/\"><img loading=\"lazy\" decoding=\"async\" class=\"wp-post-image\" width=\"370\" height=\"209\" alt=\"Aire condicionat\" src=\"https:\/\/talleresloam.com\/wp-content\/uploads\/2019\/04\/AACC2-370x209.jpg\"><\/a>\t<\/div>\n\t\t\t\t\t\t<\/div>\n\t\t\t\t\t\t\t\t\t<div class=\"sc_services_item_content\">\n\t\t\t\t\t<h4 class=\"sc_services_item_title\"><a href=\"https:\/\/talleresloam.com\/ca\/services\/aire-condicionat\/\">Aire condicionat<\/a><\/h4>\n\t\t\t\t\t<div class=\"sc_services_item_description\">\n\t\t\t\t\t\t<p>[vc_row][vc_column][vc_column_text]Talleres Loam \u00e9s una empresa autoritzada pel Departament...<\/p>\t\t\t\t\t<\/div>\n\t\t\t\t<\/div>\n\t\t\t<\/div>\n\t\t<\/div><\/div><\/div><div class=\"sc_slider_controls_wrap\"><a class=\"sc_slider_prev\" href=\"#\"><\/a><a class=\"sc_slider_next\" href=\"#\"><\/a><\/div><div class=\"sc_slider_pagination_wrap\"><\/div><\/div><\/div><!-- \/.sc_services --><\/div><!-- \/.sc_services_wrap -->[vc_empty_space height=&#8221;2.5em&#8221;][\/vc_column][\/vc_row][vc_row full_width=&#8221;stretch_row&#8221; scheme=&#8221;dark&#8221; inverse=&#8221;&#8221; css=&#8221;.vc_custom_1554882998280{padding-top: 0px !important;padding-bottom: 0px !important;background-image: url(https:\/\/talleresloam.com\/wp-content\/uploads\/2019\/04\/presupuestos-1.jpg?id=1107) !important;background-position: center !important;background-repeat: no-repeat !important;background-size: cover !important;}&#8221;][vc_column][vc_empty_space height=&#8221;2em&#8221;][vc_empty_space height=&#8221;1em&#8221;][\/vc_column][\/vc_row]<\/p>\n","protected":false},"excerpt":{"rendered":"<p>[vc_row full_width=&#8221;stretch_row&#8221; css=&#8221;.vc_custom_1554882504682{padding-top: 100px !important;padding-bottom: 50px !important;background-color: #f0f4f9 !important;}&#8221;][vc_column width=&#8221;1\/3&#8243; css=&#8221;.vc_custom_1554882890964{padding-right: 30px !important;padding-left: 30px !important;}&#8221;][vc_single_image image=&#8221;961&#8243; img_size=&#8221;50&#215;50&#8243; alignment=&#8221;center&#8221;][vc_column_text] Disposem de t\u00e8cnics habilitats com Instal\u00b7ladors en Fontaneria, instal\u00b7lacions de sistemes de calefacci\u00f3 i aire condicionat. [\/vc_column_text][\/vc_column][vc_column width=&#8221;1\/3&#8243; css=&#8221;.vc_custom_1554882900068{padding-right: 30px !important;padding-left: 30px !important;}&#8221;][vc_single_image image=&#8221;952&#8243; img_size=&#8221;50&#215;50&#8243; alignment=&#8221;center&#8221;][vc_column_text] Combinem materials idonis i assessorament per tal de ajustar-nos al m\u00e0xim [&hellip;]<\/p>\n","protected":false},"author":1,"featured_media":0,"parent":0,"menu_order":0,"comment_status":"closed","ping_status":"closed","template":"","meta":{"footnotes":""},"class_list":["post-1352","page","type-page","status-publish","hentry"],"yoast_head":"<!-- This site is optimized with the Yoast SEO plugin v26.2 - https:\/\/yoast.com\/wordpress\/plugins\/seo\/ -->\n<title>Fontaner\u00eda, instalaciones calefacci\u00f3n y aire acondicionado en Terrassa<\/title>\n<meta name=\"description\" content=\"Especializadoe en Agua y gas, Electricidad a baja tensi\u00f3n, Aire Acondicionado y Calefacci\u00f3n, Energ\u00edas renovables, T\u00e9rmicos, Petrol\u00edferas, etc.\" \/>\n<meta name=\"robots\" content=\"index, follow, max-snippet:-1, max-image-preview:large, max-video-preview:-1\" \/>\n<link rel=\"canonical\" href=\"https:\/\/talleresloam.com\/ca\/\" \/>\n<meta property=\"og:locale\" content=\"ca_ES\" \/>\n<meta property=\"og:type\" content=\"article\" \/>\n<meta property=\"og:title\" content=\"Fontaner\u00eda, instalaciones calefacci\u00f3n y aire acondicionado en Terrassa\" \/>\n<meta property=\"og:description\" content=\"Especializadoe en Agua y gas, Electricidad a baja tensi\u00f3n, Aire Acondicionado y Calefacci\u00f3n, Energ\u00edas renovables, T\u00e9rmicos, Petrol\u00edferas, etc.\" \/>\n<meta property=\"og:url\" content=\"https:\/\/talleresloam.com\/ca\/\" \/>\n<meta property=\"og:site_name\" content=\"Talleres Loam\" \/>\n<meta property=\"article:modified_time\" content=\"2019-05-20T10:56:03+00:00\" \/>\n<meta name=\"twitter:card\" content=\"summary_large_image\" \/>\n<meta name=\"twitter:label1\" content=\"Temps estimat de lectura\" \/>\n\t<meta name=\"twitter:data1\" content=\"3 minuts\" \/>\n<script type=\"application\/ld+json\" class=\"yoast-schema-graph\">{\"@context\":\"https:\/\/schema.org\",\"@graph\":[{\"@type\":\"WebPage\",\"@id\":\"https:\/\/talleresloam.com\/ca\/\",\"url\":\"https:\/\/talleresloam.com\/ca\/\",\"name\":\"Fontaner\u00eda, instalaciones calefacci\u00f3n y aire acondicionado en Terrassa\",\"isPartOf\":{\"@id\":\"https:\/\/talleresloam.com\/#website\"},\"datePublished\":\"2016-09-07T13:09:26+00:00\",\"dateModified\":\"2019-05-20T10:56:03+00:00\",\"description\":\"Especializadoe en Agua y gas, Electricidad a baja tensi\u00f3n, Aire Acondicionado y Calefacci\u00f3n, Energ\u00edas renovables, T\u00e9rmicos, Petrol\u00edferas, etc.\",\"breadcrumb\":{\"@id\":\"https:\/\/talleresloam.com\/ca\/#breadcrumb\"},\"inLanguage\":\"ca\",\"potentialAction\":[{\"@type\":\"ReadAction\",\"target\":[\"https:\/\/talleresloam.com\/ca\/\"]}]},{\"@type\":\"BreadcrumbList\",\"@id\":\"https:\/\/talleresloam.com\/ca\/#breadcrumb\",\"itemListElement\":[{\"@type\":\"ListItem\",\"position\":1,\"name\":\"Portada\",\"item\":\"https:\/\/talleresloam.com\/ca\/\"},{\"@type\":\"ListItem\",\"position\":2,\"name\":\"Inici\"}]},{\"@type\":\"WebSite\",\"@id\":\"https:\/\/talleresloam.com\/#website\",\"url\":\"https:\/\/talleresloam.com\/\",\"name\":\"Talleres Loam\",\"description\":\"Fontaner\u00eda, instalaciones de sistemas de calefacci\u00f3n y aire acondicionado\",\"publisher\":{\"@id\":\"https:\/\/talleresloam.com\/#organization\"},\"potentialAction\":[{\"@type\":\"SearchAction\",\"target\":{\"@type\":\"EntryPoint\",\"urlTemplate\":\"https:\/\/talleresloam.com\/?s={search_term_string}\"},\"query-input\":{\"@type\":\"PropertyValueSpecification\",\"valueRequired\":true,\"valueName\":\"search_term_string\"}}],\"inLanguage\":\"ca\"},{\"@type\":\"Organization\",\"@id\":\"https:\/\/talleresloam.com\/#organization\",\"name\":\"Talleres Loam\",\"url\":\"https:\/\/talleresloam.com\/\",\"logo\":{\"@type\":\"ImageObject\",\"inLanguage\":\"ca\",\"@id\":\"https:\/\/talleresloam.com\/#\/schema\/logo\/image\/\",\"url\":\"https:\/\/talleresloam.com\/wp-content\/uploads\/2019\/05\/logo-talleres-loam@2x.png\",\"contentUrl\":\"https:\/\/talleresloam.com\/wp-content\/uploads\/2019\/05\/logo-talleres-loam@2x.png\",\"width\":918,\"height\":206,\"caption\":\"Talleres Loam\"},\"image\":{\"@id\":\"https:\/\/talleresloam.com\/#\/schema\/logo\/image\/\"}}]}<\/script>\n<!-- \/ Yoast SEO plugin. -->","yoast_head_json":{"title":"Fontaner\u00eda, instalaciones calefacci\u00f3n y aire acondicionado en Terrassa","description":"Especializadoe en Agua y gas, Electricidad a baja tensi\u00f3n, Aire Acondicionado y Calefacci\u00f3n, Energ\u00edas renovables, T\u00e9rmicos, Petrol\u00edferas, etc.","robots":{"index":"index","follow":"follow","max-snippet":"max-snippet:-1","max-image-preview":"max-image-preview:large","max-video-preview":"max-video-preview:-1"},"canonical":"https:\/\/talleresloam.com\/ca\/","og_locale":"ca_ES","og_type":"article","og_title":"Fontaner\u00eda, instalaciones calefacci\u00f3n y aire acondicionado en Terrassa","og_description":"Especializadoe en Agua y gas, Electricidad a baja tensi\u00f3n, Aire Acondicionado y Calefacci\u00f3n, Energ\u00edas renovables, T\u00e9rmicos, Petrol\u00edferas, etc.","og_url":"https:\/\/talleresloam.com\/ca\/","og_site_name":"Talleres Loam","article_modified_time":"2019-05-20T10:56:03+00:00","twitter_card":"summary_large_image","twitter_misc":{"Temps estimat de lectura":"3 minuts"},"schema":{"@context":"https:\/\/schema.org","@graph":[{"@type":"WebPage","@id":"https:\/\/talleresloam.com\/ca\/","url":"https:\/\/talleresloam.com\/ca\/","name":"Fontaner\u00eda, instalaciones calefacci\u00f3n y aire acondicionado en Terrassa","isPartOf":{"@id":"https:\/\/talleresloam.com\/#website"},"datePublished":"2016-09-07T13:09:26+00:00","dateModified":"2019-05-20T10:56:03+00:00","description":"Especializadoe en Agua y gas, Electricidad a baja tensi\u00f3n, Aire Acondicionado y Calefacci\u00f3n, Energ\u00edas renovables, T\u00e9rmicos, Petrol\u00edferas, etc.","breadcrumb":{"@id":"https:\/\/talleresloam.com\/ca\/#breadcrumb"},"inLanguage":"ca","potentialAction":[{"@type":"ReadAction","target":["https:\/\/talleresloam.com\/ca\/"]}]},{"@type":"BreadcrumbList","@id":"https:\/\/talleresloam.com\/ca\/#breadcrumb","itemListElement":[{"@type":"ListItem","position":1,"name":"Portada","item":"https:\/\/talleresloam.com\/ca\/"},{"@type":"ListItem","position":2,"name":"Inici"}]},{"@type":"WebSite","@id":"https:\/\/talleresloam.com\/#website","url":"https:\/\/talleresloam.com\/","name":"Talleres Loam","description":"Fontaner\u00eda, instalaciones de sistemas de calefacci\u00f3n y aire acondicionado","publisher":{"@id":"https:\/\/talleresloam.com\/#organization"},"potentialAction":[{"@type":"SearchAction","target":{"@type":"EntryPoint","urlTemplate":"https:\/\/talleresloam.com\/?s={search_term_string}"},"query-input":{"@type":"PropertyValueSpecification","valueRequired":true,"valueName":"search_term_string"}}],"inLanguage":"ca"},{"@type":"Organization","@id":"https:\/\/talleresloam.com\/#organization","name":"Talleres Loam","url":"https:\/\/talleresloam.com\/","logo":{"@type":"ImageObject","inLanguage":"ca","@id":"https:\/\/talleresloam.com\/#\/schema\/logo\/image\/","url":"https:\/\/talleresloam.com\/wp-content\/uploads\/2019\/05\/logo-talleres-loam@2x.png","contentUrl":"https:\/\/talleresloam.com\/wp-content\/uploads\/2019\/05\/logo-talleres-loam@2x.png","width":918,"height":206,"caption":"Talleres Loam"},"image":{"@id":"https:\/\/talleresloam.com\/#\/schema\/logo\/image\/"}}]}},"_links":{"self":[{"href":"https:\/\/talleresloam.com\/ca\/wp-json\/wp\/v2\/pages\/1352","targetHints":{"allow":["GET"]}}],"collection":[{"href":"https:\/\/talleresloam.com\/ca\/wp-json\/wp\/v2\/pages"}],"about":[{"href":"https:\/\/talleresloam.com\/ca\/wp-json\/wp\/v2\/types\/page"}],"author":[{"embeddable":true,"href":"https:\/\/talleresloam.com\/ca\/wp-json\/wp\/v2\/users\/1"}],"replies":[{"embeddable":true,"href":"https:\/\/talleresloam.com\/ca\/wp-json\/wp\/v2\/comments?post=1352"}],"version-history":[{"count":6,"href":"https:\/\/talleresloam.com\/ca\/wp-json\/wp\/v2\/pages\/1352\/revisions"}],"predecessor-version":[{"id":1474,"href":"https:\/\/talleresloam.com\/ca\/wp-json\/wp\/v2\/pages\/1352\/revisions\/1474"}],"wp:attachment":[{"href":"https:\/\/talleresloam.com\/ca\/wp-json\/wp\/v2\/media?parent=1352"}],"curies":[{"name":"wp","href":"https:\/\/api.w.org\/{rel}","templated":true}]}}