{"id":1354,"date":"2016-09-07T13:17:28","date_gmt":"2016-09-07T13:17:28","guid":{"rendered":"https:\/\/talleresloam.com\/nuestros-servicios\/"},"modified":"2019-05-20T12:45:56","modified_gmt":"2019-05-20T10:45:56","slug":"serveis","status":"publish","type":"page","link":"https:\/\/talleresloam.com\/ca\/serveis\/","title":{"rendered":"Serveis"},"content":{"rendered":"<p>[vc_row css=&#8221;.vc_custom_1530550342259{padding-bottom: 50px !important;}&#8221;][vc_column width=&#8221;1\/2&#8243;][vc_empty_space height=&#8221;3em&#8221;][vc_single_image image=&#8221;1211&#8243; img_size=&#8221;full&#8221; css_animation=&#8221;fadeIn&#8221; el_class=&#8221;rounded&#8221;][\/vc_column][vc_column width=&#8221;1\/2&#8243;][vc_column_text css_animation=&#8221;fadeIn&#8221;]<\/p>\n<h3 style=\"text-align: left;\">Caldereria<\/h3>\n<p>En Talleres Loam instal\u00b7lem canonades de vapor, aigua, gas, oli t\u00e8rmic, aire comprimit &#8230;, tant en ferro com en acer inoxidable.<\/p>\n<p>Instal\u00b7lem tamb\u00e9 tot tipus de valvuleria industrial i ens encarreguem de la construcci\u00f3 i reparaci\u00f3 d&#8217;aparells d&#8217;acer inoxidable[\/vc_column_text][vc_separator color=&#8221;custom&#8221; align=&#8221;align_left&#8221; border_width=&#8221;2&#8243; el_width=&#8221;20&#8243; accent_color=&#8221;rgba(34,39,76,0.79)&#8221; css=&#8221;.vc_custom_1530550453382{margin-top: 20px !important;margin-bottom: 20px !important;}&#8221;][vc_empty_space height=&#8221;20 px&#8221;][vc_btn title=&#8221;Veure m\u00e9s&#8221; style=&#8221;outline&#8221; shape=&#8221;round&#8221; color=&#8221;turquoise&#8221; size=&#8221;lg&#8221; css=&#8221;.vc_custom_1557300154502{margin-right: 40px !important;}&#8221; link=&#8221;url:%2Fca%2Fservices%2Fcaldereria%2F|||&#8221;][vc_btn title=&#8221;Contactar&#8221; style=&#8221;outline&#8221; shape=&#8221;round&#8221; color=&#8221;turquoise&#8221; size=&#8221;lg&#8221; link=&#8221;url:%2Fca%2Fcontacta%2F|||&#8221;][\/vc_column][\/vc_row][vc_row full_width=&#8221;stretch_row&#8221; css=&#8221;.vc_custom_1530550345763{padding-top: 50px !important;padding-bottom: 50px !important;background-color: #f4f4f4 !important;}&#8221;][vc_column width=&#8221;1\/2&#8243;][vc_empty_space height=&#8221;3em&#8221;][vc_single_image image=&#8221;1075&#8243; img_size=&#8221;large&#8221; css_animation=&#8221;fadeIn&#8221; el_class=&#8221;rounded&#8221;][\/vc_column][vc_column width=&#8221;1\/2&#8243;][vc_column_text css_animation=&#8221;fadeIn&#8221;]<\/p>\n<h3 style=\"text-align: left;\">Lampisteria<\/h3>\n<p>Manteniment i instal\u00b7lacions de <strong> aigua <\/strong>, <strong> gas, tractaments d&#8217;aigua, <strong> sanejament <\/strong> tant dom\u00e8stic com comercial o industrial.<\/strong>[\/vc_column_text][vc_separator color=&#8221;custom&#8221; align=&#8221;align_left&#8221; border_width=&#8221;2&#8243; el_width=&#8221;20&#8243; accent_color=&#8221;rgba(34,39,76,0.79)&#8221; css=&#8221;.vc_custom_1530550453382{margin-top: 20px !important;margin-bottom: 20px !important;}&#8221;][vc_empty_space height=&#8221;20 px&#8221;][vc_btn title=&#8221;Veure m\u00e9s&#8221; style=&#8221;outline&#8221; shape=&#8221;round&#8221; color=&#8221;turquoise&#8221; size=&#8221;lg&#8221; css=&#8221;.vc_custom_1557300147826{margin-right: 40px !important;}&#8221; link=&#8221;url:%2Fca%2Fservices%2Flampisteria%2F|||&#8221;][vc_btn title=&#8221;Contactar&#8221; style=&#8221;outline&#8221; shape=&#8221;round&#8221; color=&#8221;turquoise&#8221; size=&#8221;lg&#8221; link=&#8221;url:%2Fca%2Fcontacta%2F|||&#8221;][\/vc_column][\/vc_row][vc_row css=&#8221;.vc_custom_1530550350516{padding-top: 50px !important;padding-bottom: 50px !important;}&#8221;][vc_column width=&#8221;1\/2&#8243;][vc_empty_space height=&#8221;3em&#8221;][vc_single_image image=&#8221;1203&#8243; img_size=&#8221;full&#8221; css_animation=&#8221;fadeIn&#8221; el_class=&#8221;rounded&#8221;][\/vc_column][vc_column width=&#8221;1\/2&#8243;][vc_column_text css_animation=&#8221;fadeIn&#8221;]<\/p>\n<h3 style=\"text-align: left;\">Calefacci\u00f3<\/h3>\n<p><strong>Manteniment i instal\u00b7laci\u00f3 d&#8217;equips dom\u00e8stics, comercials i industrials de calefacci\u00f3.<\/strong>[\/vc_column_text][vc_separator color=&#8221;custom&#8221; align=&#8221;align_left&#8221; border_width=&#8221;2&#8243; el_width=&#8221;20&#8243; accent_color=&#8221;rgba(34,39,76,0.79)&#8221; css=&#8221;.vc_custom_1530550453382{margin-top: 20px !important;margin-bottom: 20px !important;}&#8221;][vc_empty_space height=&#8221;20 px&#8221;][vc_btn title=&#8221;Veure m\u00e9s&#8221; style=&#8221;outline&#8221; shape=&#8221;round&#8221; color=&#8221;turquoise&#8221; size=&#8221;lg&#8221; css=&#8221;.vc_custom_1557300140476{margin-right: 40px !important;}&#8221; link=&#8221;url:%2Fca%2Fservices%2Fcalefaccio|||&#8221;][vc_btn title=&#8221;Contactar&#8221; style=&#8221;outline&#8221; shape=&#8221;round&#8221; color=&#8221;turquoise&#8221; size=&#8221;lg&#8221; link=&#8221;url:%2Fca%2Fcontacta%2F|||&#8221;][\/vc_column][\/vc_row][vc_row full_width=&#8221;stretch_row&#8221; inverse=&#8221;&#8221; css=&#8221;.vc_custom_1554881893556{padding-top: 50px !important;padding-bottom: 50px !important;background-color: #f4f4f4 !important;}&#8221;][vc_column width=&#8221;1\/2&#8243;][vc_empty_space height=&#8221;3em&#8221;][vc_single_image image=&#8221;1094&#8243; img_size=&#8221;full&#8221; css_animation=&#8221;fadeIn&#8221; el_class=&#8221;rounded&#8221;][\/vc_column][vc_column width=&#8221;1\/2&#8243;][vc_column_text css_animation=&#8221;fadeIn&#8221;]<\/p>\n<h3 style=\"text-align: left;\">Aire condicionat<\/h3>\n<p>Realitzem manteniment d&#8217;instal\u00b7lacions de <strong> aire condicionat <\/strong> d&#8217;equips dom\u00e8stics, comercials i industrials de <strong>refrigeraci\u00f3 i tractament de l&#8217;aire<\/strong>.[\/vc_column_text][vc_separator color=&#8221;custom&#8221; align=&#8221;align_left&#8221; border_width=&#8221;2&#8243; el_width=&#8221;20&#8243; accent_color=&#8221;rgba(34,39,76,0.79)&#8221; css=&#8221;.vc_custom_1530550453382{margin-top: 20px !important;margin-bottom: 20px !important;}&#8221;][vc_empty_space height=&#8221;20 px&#8221;][vc_btn title=&#8221;Veure m\u00e9s&#8221; style=&#8221;outline&#8221; shape=&#8221;round&#8221; color=&#8221;turquoise&#8221; size=&#8221;lg&#8221; css=&#8221;.vc_custom_1557300766569{margin-right: 40px !important;}&#8221; link=&#8221;url:%2Fca%2Fservices%2Faire-condicionat%2F|||&#8221;][vc_btn title=&#8221;Contactar&#8221; style=&#8221;outline&#8221; shape=&#8221;round&#8221; color=&#8221;turquoise&#8221; size=&#8221;lg&#8221; link=&#8221;url:%2Fca%2Fcontacta%2F|||&#8221;][\/vc_column][\/vc_row][vc_row full_width=&#8221;stretch_row&#8221; inverse=&#8221;&#8221; css=&#8221;.vc_custom_1554881873016{padding-top: 50px !important;padding-bottom: 50px !important;}&#8221;][vc_column width=&#8221;1\/2&#8243;][vc_empty_space height=&#8221;3em&#8221;][vc_single_image image=&#8221;1216&#8243; img_size=&#8221;full&#8221; css_animation=&#8221;fadeIn&#8221; el_class=&#8221;rounded&#8221;][\/vc_column][vc_column width=&#8221;1\/2&#8243;][vc_column_text css_animation=&#8221;fadeIn&#8221;]<\/p>\n<h3 style=\"text-align: left;\">Energies renovables<\/h3>\n<p>Per als que opten per la utilitzaci\u00f3 d&#8217;energies renovables, en Talleres Loam trobar\u00e0 personal habilitat per fer-se c\u00e0rrec de la <strong> instal\u00b7laci\u00f3 <\/strong>, <strong> reparaci\u00f3 <\/strong> i <strong> manteniment <\/strong> de <strong>sistemes solars<\/strong>, <strong> geot\u00e8rmia <\/strong> &#8230;[\/vc_column_text][vc_separator color=&#8221;custom&#8221; align=&#8221;align_left&#8221; border_width=&#8221;2&#8243; el_width=&#8221;20&#8243; accent_color=&#8221;rgba(34,39,76,0.79)&#8221; css=&#8221;.vc_custom_1530550453382{margin-top: 20px !important;margin-bottom: 20px !important;}&#8221;][vc_empty_space height=&#8221;20 px&#8221;][vc_btn title=&#8221;Veure m\u00e9s&#8221; style=&#8221;outline&#8221; shape=&#8221;round&#8221; color=&#8221;turquoise&#8221; size=&#8221;lg&#8221; css=&#8221;.vc_custom_1557300123840{margin-right: 40px !important;}&#8221; link=&#8221;url:%2Fca%2Fservices%2Fenergies-renovables%2F|||&#8221;][vc_btn title=&#8221;Contactar&#8221; style=&#8221;outline&#8221; shape=&#8221;round&#8221; color=&#8221;turquoise&#8221; size=&#8221;lg&#8221; link=&#8221;url:%2Fca%2Fcontacta%2F|||&#8221;][\/vc_column][\/vc_row][vc_row full_width=&#8221;stretch_row&#8221; css=&#8221;.vc_custom_1554881906479{padding-top: 50px !important;padding-bottom: 50px !important;background-color: #f4f4f4 !important;}&#8221;][vc_column width=&#8221;1\/2&#8243;][vc_empty_space height=&#8221;3em&#8221;][vc_single_image image=&#8221;1244&#8243; img_size=&#8221;full&#8221; css_animation=&#8221;fadeIn&#8221; el_class=&#8221;rounded&#8221;][\/vc_column][vc_column width=&#8221;1\/2&#8243;][vc_column_text css_animation=&#8221;fadeIn&#8221;]<\/p>\n<h3 style=\"text-align: left;\">Tractament Legionel\u00b7la<\/h3>\n<p>Empresa inscrita al Registre Oficial d&#8217;Establiments i Serveis. <strong>Plaguicides<\/strong>, donem solucions a tercers per a la <strong>prevenci\u00f3 i control de la Legionela<\/strong> amb el n\u00ba. de registre B5113S-SA-lg. Quedem a la seva disposici\u00f3 per a qualsevol aclariment o consulta.[\/vc_column_text][vc_separator color=&#8221;custom&#8221; align=&#8221;align_left&#8221; border_width=&#8221;2&#8243; el_width=&#8221;20&#8243; accent_color=&#8221;rgba(34,39,76,0.79)&#8221; css=&#8221;.vc_custom_1530550453382{margin-top: 20px !important;margin-bottom: 20px !important;}&#8221;][vc_empty_space height=&#8221;20 px&#8221;][vc_btn title=&#8221;Veure m\u00e9s&#8221; style=&#8221;outline&#8221; shape=&#8221;round&#8221; color=&#8221;turquoise&#8221; size=&#8221;lg&#8221; css=&#8221;.vc_custom_1557300874838{margin-right: 40px !important;}&#8221; link=&#8221;url:%2Fca%2Fservices%2Ftractament-legionella%2F|||&#8221;][vc_btn title=&#8221;Contactar&#8221; style=&#8221;outline&#8221; shape=&#8221;round&#8221; color=&#8221;turquoise&#8221; size=&#8221;lg&#8221; link=&#8221;url:%2Fca%2Fcontacta%2F|||&#8221;][\/vc_column][\/vc_row]<\/p>\n","protected":false},"excerpt":{"rendered":"<p>[vc_row css=&#8221;.vc_custom_1530550342259{padding-bottom: 50px !important;}&#8221;][vc_column width=&#8221;1\/2&#8243;][vc_empty_space height=&#8221;3em&#8221;][vc_single_image image=&#8221;1211&#8243; img_size=&#8221;full&#8221; css_animation=&#8221;fadeIn&#8221; el_class=&#8221;rounded&#8221;][\/vc_column][vc_column width=&#8221;1\/2&#8243;][vc_column_text css_animation=&#8221;fadeIn&#8221;] Caldereria En Talleres Loam instal\u00b7lem canonades de vapor, aigua, gas, oli t\u00e8rmic, aire comprimit &#8230;, tant en ferro com en acer inoxidable. Instal\u00b7lem tamb\u00e9 tot tipus de valvuleria industrial i ens encarreguem de la construcci\u00f3 i reparaci\u00f3 d&#8217;aparells d&#8217;acer inoxidable[\/vc_column_text][vc_separator color=&#8221;custom&#8221; align=&#8221;align_left&#8221; border_width=&#8221;2&#8243; [&hellip;]<\/p>\n","protected":false},"author":1,"featured_media":0,"parent":0,"menu_order":0,"comment_status":"closed","ping_status":"closed","template":"","meta":{"footnotes":""},"class_list":["post-1354","page","type-page","status-publish","hentry"],"yoast_head":"<!-- This site is optimized with the Yoast SEO plugin v26.2 - https:\/\/yoast.com\/wordpress\/plugins\/seo\/ -->\n<title>Serveis | Talleres Loam<\/title>\n<meta name=\"robots\" content=\"index, follow, max-snippet:-1, max-image-preview:large, max-video-preview:-1\" \/>\n<link rel=\"canonical\" href=\"https:\/\/talleresloam.com\/ca\/serveis\/\" \/>\n<meta property=\"og:locale\" content=\"ca_ES\" \/>\n<meta property=\"og:type\" content=\"article\" \/>\n<meta property=\"og:title\" content=\"Serveis | Talleres Loam\" \/>\n<meta property=\"og:description\" content=\"[vc_row css=&#8221;.vc_custom_1530550342259{padding-bottom: 50px !important;}&#8221;][vc_column width=&#8221;1\/2&#8243;][vc_empty_space height=&#8221;3em&#8221;][vc_single_image image=&#8221;1211&#8243; img_size=&#8221;full&#8221; css_animation=&#8221;fadeIn&#8221; el_class=&#8221;rounded&#8221;][\/vc_column][vc_column width=&#8221;1\/2&#8243;][vc_column_text css_animation=&#8221;fadeIn&#8221;] Caldereria En Talleres Loam instal\u00b7lem canonades de vapor, aigua, gas, oli t\u00e8rmic, aire comprimit &#8230;, tant en ferro com en acer inoxidable. Instal\u00b7lem tamb\u00e9 tot tipus de valvuleria industrial i ens encarreguem de la construcci\u00f3 i reparaci\u00f3 d&#8217;aparells d&#8217;acer inoxidable[\/vc_column_text][vc_separator color=&#8221;custom&#8221; align=&#8221;align_left&#8221; border_width=&#8221;2&#8243; [&hellip;]\" \/>\n<meta property=\"og:url\" content=\"https:\/\/talleresloam.com\/ca\/serveis\/\" \/>\n<meta property=\"og:site_name\" content=\"Talleres Loam\" \/>\n<meta property=\"article:modified_time\" content=\"2019-05-20T10:45:56+00:00\" \/>\n<meta name=\"twitter:card\" content=\"summary_large_image\" \/>\n<meta name=\"twitter:label1\" content=\"Temps estimat de lectura\" \/>\n\t<meta name=\"twitter:data1\" content=\"5 minuts\" \/>\n<script type=\"application\/ld+json\" class=\"yoast-schema-graph\">{\"@context\":\"https:\/\/schema.org\",\"@graph\":[{\"@type\":\"WebPage\",\"@id\":\"https:\/\/talleresloam.com\/ca\/serveis\/\",\"url\":\"https:\/\/talleresloam.com\/ca\/serveis\/\",\"name\":\"Serveis | Talleres Loam\",\"isPartOf\":{\"@id\":\"https:\/\/talleresloam.com\/#website\"},\"datePublished\":\"2016-09-07T13:17:28+00:00\",\"dateModified\":\"2019-05-20T10:45:56+00:00\",\"breadcrumb\":{\"@id\":\"https:\/\/talleresloam.com\/ca\/serveis\/#breadcrumb\"},\"inLanguage\":\"ca\",\"potentialAction\":[{\"@type\":\"ReadAction\",\"target\":[\"https:\/\/talleresloam.com\/ca\/serveis\/\"]}]},{\"@type\":\"BreadcrumbList\",\"@id\":\"https:\/\/talleresloam.com\/ca\/serveis\/#breadcrumb\",\"itemListElement\":[{\"@type\":\"ListItem\",\"position\":1,\"name\":\"Portada\",\"item\":\"https:\/\/talleresloam.com\/ca\/\"},{\"@type\":\"ListItem\",\"position\":2,\"name\":\"Serveis\"}]},{\"@type\":\"WebSite\",\"@id\":\"https:\/\/talleresloam.com\/#website\",\"url\":\"https:\/\/talleresloam.com\/\",\"name\":\"Talleres Loam\",\"description\":\"Fontaner\u00eda, instalaciones de sistemas de calefacci\u00f3n y aire acondicionado\",\"publisher\":{\"@id\":\"https:\/\/talleresloam.com\/#organization\"},\"potentialAction\":[{\"@type\":\"SearchAction\",\"target\":{\"@type\":\"EntryPoint\",\"urlTemplate\":\"https:\/\/talleresloam.com\/?s={search_term_string}\"},\"query-input\":{\"@type\":\"PropertyValueSpecification\",\"valueRequired\":true,\"valueName\":\"search_term_string\"}}],\"inLanguage\":\"ca\"},{\"@type\":\"Organization\",\"@id\":\"https:\/\/talleresloam.com\/#organization\",\"name\":\"Talleres Loam\",\"url\":\"https:\/\/talleresloam.com\/\",\"logo\":{\"@type\":\"ImageObject\",\"inLanguage\":\"ca\",\"@id\":\"https:\/\/talleresloam.com\/#\/schema\/logo\/image\/\",\"url\":\"https:\/\/talleresloam.com\/wp-content\/uploads\/2019\/05\/logo-talleres-loam@2x.png\",\"contentUrl\":\"https:\/\/talleresloam.com\/wp-content\/uploads\/2019\/05\/logo-talleres-loam@2x.png\",\"width\":918,\"height\":206,\"caption\":\"Talleres Loam\"},\"image\":{\"@id\":\"https:\/\/talleresloam.com\/#\/schema\/logo\/image\/\"}}]}<\/script>\n<!-- \/ Yoast SEO plugin. -->","yoast_head_json":{"title":"Serveis | Talleres Loam","robots":{"index":"index","follow":"follow","max-snippet":"max-snippet:-1","max-image-preview":"max-image-preview:large","max-video-preview":"max-video-preview:-1"},"canonical":"https:\/\/talleresloam.com\/ca\/serveis\/","og_locale":"ca_ES","og_type":"article","og_title":"Serveis | Talleres Loam","og_description":"[vc_row css=&#8221;.vc_custom_1530550342259{padding-bottom: 50px !important;}&#8221;][vc_column width=&#8221;1\/2&#8243;][vc_empty_space height=&#8221;3em&#8221;][vc_single_image image=&#8221;1211&#8243; img_size=&#8221;full&#8221; css_animation=&#8221;fadeIn&#8221; el_class=&#8221;rounded&#8221;][\/vc_column][vc_column width=&#8221;1\/2&#8243;][vc_column_text css_animation=&#8221;fadeIn&#8221;] Caldereria En Talleres Loam instal\u00b7lem canonades de vapor, aigua, gas, oli t\u00e8rmic, aire comprimit &#8230;, tant en ferro com en acer inoxidable. Instal\u00b7lem tamb\u00e9 tot tipus de valvuleria industrial i ens encarreguem de la construcci\u00f3 i reparaci\u00f3 d&#8217;aparells d&#8217;acer inoxidable[\/vc_column_text][vc_separator color=&#8221;custom&#8221; align=&#8221;align_left&#8221; border_width=&#8221;2&#8243; [&hellip;]","og_url":"https:\/\/talleresloam.com\/ca\/serveis\/","og_site_name":"Talleres Loam","article_modified_time":"2019-05-20T10:45:56+00:00","twitter_card":"summary_large_image","twitter_misc":{"Temps estimat de lectura":"5 minuts"},"schema":{"@context":"https:\/\/schema.org","@graph":[{"@type":"WebPage","@id":"https:\/\/talleresloam.com\/ca\/serveis\/","url":"https:\/\/talleresloam.com\/ca\/serveis\/","name":"Serveis | Talleres Loam","isPartOf":{"@id":"https:\/\/talleresloam.com\/#website"},"datePublished":"2016-09-07T13:17:28+00:00","dateModified":"2019-05-20T10:45:56+00:00","breadcrumb":{"@id":"https:\/\/talleresloam.com\/ca\/serveis\/#breadcrumb"},"inLanguage":"ca","potentialAction":[{"@type":"ReadAction","target":["https:\/\/talleresloam.com\/ca\/serveis\/"]}]},{"@type":"BreadcrumbList","@id":"https:\/\/talleresloam.com\/ca\/serveis\/#breadcrumb","itemListElement":[{"@type":"ListItem","position":1,"name":"Portada","item":"https:\/\/talleresloam.com\/ca\/"},{"@type":"ListItem","position":2,"name":"Serveis"}]},{"@type":"WebSite","@id":"https:\/\/talleresloam.com\/#website","url":"https:\/\/talleresloam.com\/","name":"Talleres Loam","description":"Fontaner\u00eda, instalaciones de sistemas de calefacci\u00f3n y aire acondicionado","publisher":{"@id":"https:\/\/talleresloam.com\/#organization"},"potentialAction":[{"@type":"SearchAction","target":{"@type":"EntryPoint","urlTemplate":"https:\/\/talleresloam.com\/?s={search_term_string}"},"query-input":{"@type":"PropertyValueSpecification","valueRequired":true,"valueName":"search_term_string"}}],"inLanguage":"ca"},{"@type":"Organization","@id":"https:\/\/talleresloam.com\/#organization","name":"Talleres Loam","url":"https:\/\/talleresloam.com\/","logo":{"@type":"ImageObject","inLanguage":"ca","@id":"https:\/\/talleresloam.com\/#\/schema\/logo\/image\/","url":"https:\/\/talleresloam.com\/wp-content\/uploads\/2019\/05\/logo-talleres-loam@2x.png","contentUrl":"https:\/\/talleresloam.com\/wp-content\/uploads\/2019\/05\/logo-talleres-loam@2x.png","width":918,"height":206,"caption":"Talleres Loam"},"image":{"@id":"https:\/\/talleresloam.com\/#\/schema\/logo\/image\/"}}]}},"_links":{"self":[{"href":"https:\/\/talleresloam.com\/ca\/wp-json\/wp\/v2\/pages\/1354","targetHints":{"allow":["GET"]}}],"collection":[{"href":"https:\/\/talleresloam.com\/ca\/wp-json\/wp\/v2\/pages"}],"about":[{"href":"https:\/\/talleresloam.com\/ca\/wp-json\/wp\/v2\/types\/page"}],"author":[{"embeddable":true,"href":"https:\/\/talleresloam.com\/ca\/wp-json\/wp\/v2\/users\/1"}],"replies":[{"embeddable":true,"href":"https:\/\/talleresloam.com\/ca\/wp-json\/wp\/v2\/comments?post=1354"}],"version-history":[{"count":8,"href":"https:\/\/talleresloam.com\/ca\/wp-json\/wp\/v2\/pages\/1354\/revisions"}],"predecessor-version":[{"id":1472,"href":"https:\/\/talleresloam.com\/ca\/wp-json\/wp\/v2\/pages\/1354\/revisions\/1472"}],"wp:attachment":[{"href":"https:\/\/talleresloam.com\/ca\/wp-json\/wp\/v2\/media?parent=1354"}],"curies":[{"name":"wp","href":"https:\/\/api.w.org\/{rel}","templated":true}]}}