{"id":1357,"date":"2019-04-09T16:57:15","date_gmt":"2019-04-09T16:57:15","guid":{"rendered":"https:\/\/talleresloam.com\/politica-de-privacidad\/"},"modified":"2019-05-20T13:05:12","modified_gmt":"2019-05-20T11:05:12","slug":"politica-de-privacidad","status":"publish","type":"page","link":"https:\/\/talleresloam.com\/ca\/politica-de-privacidad\/","title":{"rendered":"Pol\u00edtica de Privacitat"},"content":{"rendered":"<p>[vc_row][vc_column][vc_column_text]<\/p>\n<div id=\"clickdatos\">\n<p>En compliment del que estableix la RGPD, l&#8217;informem que les seves dades seran tractades en els nostres fitxers, amb la finalitat del manteniment i compliment de la relaci\u00f3 amb la nostra entitat, incloent l&#8217;enviament de comunicacions en el marc de l&#8217;esmentada relaci\u00f3n.<\/p>\n<p>Aix\u00ed mateix, les seves dades seran cedides en tots aquells casos en qu\u00e8 sigui necessari per al desenvolupament, compliment i control de la relaci\u00f3 amb la nostra entitat o en els sup\u00f2sits en qu\u00e8 ho autoritzi una norma amb rang de llei.<\/p>\n<p>En compliment de la RGPD pot exercir els seus drets ARCO davant TALLERES LOAM E HIJOS SL, amb adre\u00e7a al C \/ VENDRELL N\u00ba59, 08227 &#8211; Terrassa, adjuntant fotoc\u00f2pia del seu DNI.<\/p>\n<p>El contingut d&#8217;aquesta comunicaci\u00f3, aix\u00ed com el de tota la documentaci\u00f3 annexa , est\u00e0 subjecta al deure de secret i va dirigida \u00fanicament al seu destinatari.<\/p>\n<p>En el cas que vost\u00e8 no fos el destinatari, li demanem que ens ho indiqui i no comuniqui el seu contingut a tercers, procedint a la seva destrucci\u00f3n.<\/p>\n<p>El prestador de serveis de la societat de la informaci\u00f3 ha de tenir en compte que, a m\u00e9s de la informaci\u00f3 que faciliti als destinataris del servei a trav\u00e9s del la seva &#8220;Pol\u00edtica de Privacitat&#8221;, ha de disposar de textos legals addicionals relatius a altres normatives d&#8217;obligat compliment, com ara, sense car\u00e0cter limitatiu o excloent, condicions generals de la contractaci\u00f3, propietat intel\u00b7lectual i industrial, condicions d&#8217;utilitzaci\u00f3 de la p\u00e0gina web i responsabilitats al respecte, o el que la mateixa Llei 34\/2002, de 11 de juliol, de Serveis de la Societat de la Informaci\u00f3 i de Comer\u00e7 Electr\u00f2nic pugui establir en qualssevol altres preceptes al marge de el seu article 10 o fins i tot completar la informaci\u00f3 que, en relaci\u00f3 a aquest, fos necess\u00e0ria.<\/p>\n<\/div>\n<p>[\/vc_column_text][\/vc_column][\/vc_row]<\/p>\n","protected":false},"excerpt":{"rendered":"<p>[vc_row][vc_column][vc_column_text] En compliment del que estableix la RGPD, l&#8217;informem que les seves dades seran tractades en els nostres fitxers, amb la finalitat del manteniment i compliment de la relaci\u00f3 amb la nostra entitat, incloent l&#8217;enviament de comunicacions en el marc de l&#8217;esmentada relaci\u00f3n. Aix\u00ed mateix, les seves dades seran cedides en tots aquells casos en [&hellip;]<\/p>\n","protected":false},"author":1,"featured_media":0,"parent":0,"menu_order":0,"comment_status":"closed","ping_status":"closed","template":"","meta":{"footnotes":""},"class_list":["post-1357","page","type-page","status-publish","hentry"],"yoast_head":"<!-- This site is optimized with the Yoast SEO plugin v26.2 - https:\/\/yoast.com\/wordpress\/plugins\/seo\/ -->\n<title>Pol\u00edtica de Privacitat | Talleres Loam<\/title>\n<meta name=\"robots\" content=\"index, follow, max-snippet:-1, max-image-preview:large, max-video-preview:-1\" \/>\n<link rel=\"canonical\" href=\"https:\/\/talleresloam.com\/ca\/politica-de-privacidad\/\" \/>\n<meta property=\"og:locale\" content=\"ca_ES\" \/>\n<meta property=\"og:type\" content=\"article\" \/>\n<meta property=\"og:title\" content=\"Pol\u00edtica de Privacitat | Talleres Loam\" \/>\n<meta property=\"og:description\" content=\"[vc_row][vc_column][vc_column_text] En compliment del que estableix la RGPD, l&#8217;informem que les seves dades seran tractades en els nostres fitxers, amb la finalitat del manteniment i compliment de la relaci\u00f3 amb la nostra entitat, incloent l&#8217;enviament de comunicacions en el marc de l&#8217;esmentada relaci\u00f3n. Aix\u00ed mateix, les seves dades seran cedides en tots aquells casos en [&hellip;]\" \/>\n<meta property=\"og:url\" content=\"https:\/\/talleresloam.com\/ca\/politica-de-privacidad\/\" \/>\n<meta property=\"og:site_name\" content=\"Talleres Loam\" \/>\n<meta property=\"article:modified_time\" content=\"2019-05-20T11:05:12+00:00\" \/>\n<meta name=\"twitter:card\" content=\"summary_large_image\" \/>\n<meta name=\"twitter:label1\" content=\"Temps estimat de lectura\" \/>\n\t<meta name=\"twitter:data1\" content=\"2 minuts\" \/>\n<script type=\"application\/ld+json\" class=\"yoast-schema-graph\">{\"@context\":\"https:\/\/schema.org\",\"@graph\":[{\"@type\":\"WebPage\",\"@id\":\"https:\/\/talleresloam.com\/ca\/politica-de-privacidad\/\",\"url\":\"https:\/\/talleresloam.com\/ca\/politica-de-privacidad\/\",\"name\":\"Pol\u00edtica de Privacitat | Talleres Loam\",\"isPartOf\":{\"@id\":\"https:\/\/talleresloam.com\/#website\"},\"datePublished\":\"2019-04-09T16:57:15+00:00\",\"dateModified\":\"2019-05-20T11:05:12+00:00\",\"breadcrumb\":{\"@id\":\"https:\/\/talleresloam.com\/ca\/politica-de-privacidad\/#breadcrumb\"},\"inLanguage\":\"ca\",\"potentialAction\":[{\"@type\":\"ReadAction\",\"target\":[\"https:\/\/talleresloam.com\/ca\/politica-de-privacidad\/\"]}]},{\"@type\":\"BreadcrumbList\",\"@id\":\"https:\/\/talleresloam.com\/ca\/politica-de-privacidad\/#breadcrumb\",\"itemListElement\":[{\"@type\":\"ListItem\",\"position\":1,\"name\":\"Portada\",\"item\":\"https:\/\/talleresloam.com\/ca\/\"},{\"@type\":\"ListItem\",\"position\":2,\"name\":\"Pol\u00edtica de Privacitat\"}]},{\"@type\":\"WebSite\",\"@id\":\"https:\/\/talleresloam.com\/#website\",\"url\":\"https:\/\/talleresloam.com\/\",\"name\":\"Talleres Loam\",\"description\":\"Fontaner\u00eda, instalaciones de sistemas de calefacci\u00f3n y aire acondicionado\",\"publisher\":{\"@id\":\"https:\/\/talleresloam.com\/#organization\"},\"potentialAction\":[{\"@type\":\"SearchAction\",\"target\":{\"@type\":\"EntryPoint\",\"urlTemplate\":\"https:\/\/talleresloam.com\/?s={search_term_string}\"},\"query-input\":{\"@type\":\"PropertyValueSpecification\",\"valueRequired\":true,\"valueName\":\"search_term_string\"}}],\"inLanguage\":\"ca\"},{\"@type\":\"Organization\",\"@id\":\"https:\/\/talleresloam.com\/#organization\",\"name\":\"Talleres Loam\",\"url\":\"https:\/\/talleresloam.com\/\",\"logo\":{\"@type\":\"ImageObject\",\"inLanguage\":\"ca\",\"@id\":\"https:\/\/talleresloam.com\/#\/schema\/logo\/image\/\",\"url\":\"https:\/\/talleresloam.com\/wp-content\/uploads\/2019\/05\/logo-talleres-loam@2x.png\",\"contentUrl\":\"https:\/\/talleresloam.com\/wp-content\/uploads\/2019\/05\/logo-talleres-loam@2x.png\",\"width\":918,\"height\":206,\"caption\":\"Talleres Loam\"},\"image\":{\"@id\":\"https:\/\/talleresloam.com\/#\/schema\/logo\/image\/\"}}]}<\/script>\n<!-- \/ Yoast SEO plugin. -->","yoast_head_json":{"title":"Pol\u00edtica de Privacitat | Talleres Loam","robots":{"index":"index","follow":"follow","max-snippet":"max-snippet:-1","max-image-preview":"max-image-preview:large","max-video-preview":"max-video-preview:-1"},"canonical":"https:\/\/talleresloam.com\/ca\/politica-de-privacidad\/","og_locale":"ca_ES","og_type":"article","og_title":"Pol\u00edtica de Privacitat | Talleres Loam","og_description":"[vc_row][vc_column][vc_column_text] En compliment del que estableix la RGPD, l&#8217;informem que les seves dades seran tractades en els nostres fitxers, amb la finalitat del manteniment i compliment de la relaci\u00f3 amb la nostra entitat, incloent l&#8217;enviament de comunicacions en el marc de l&#8217;esmentada relaci\u00f3n. Aix\u00ed mateix, les seves dades seran cedides en tots aquells casos en [&hellip;]","og_url":"https:\/\/talleresloam.com\/ca\/politica-de-privacidad\/","og_site_name":"Talleres Loam","article_modified_time":"2019-05-20T11:05:12+00:00","twitter_card":"summary_large_image","twitter_misc":{"Temps estimat de lectura":"2 minuts"},"schema":{"@context":"https:\/\/schema.org","@graph":[{"@type":"WebPage","@id":"https:\/\/talleresloam.com\/ca\/politica-de-privacidad\/","url":"https:\/\/talleresloam.com\/ca\/politica-de-privacidad\/","name":"Pol\u00edtica de Privacitat | Talleres Loam","isPartOf":{"@id":"https:\/\/talleresloam.com\/#website"},"datePublished":"2019-04-09T16:57:15+00:00","dateModified":"2019-05-20T11:05:12+00:00","breadcrumb":{"@id":"https:\/\/talleresloam.com\/ca\/politica-de-privacidad\/#breadcrumb"},"inLanguage":"ca","potentialAction":[{"@type":"ReadAction","target":["https:\/\/talleresloam.com\/ca\/politica-de-privacidad\/"]}]},{"@type":"BreadcrumbList","@id":"https:\/\/talleresloam.com\/ca\/politica-de-privacidad\/#breadcrumb","itemListElement":[{"@type":"ListItem","position":1,"name":"Portada","item":"https:\/\/talleresloam.com\/ca\/"},{"@type":"ListItem","position":2,"name":"Pol\u00edtica de Privacitat"}]},{"@type":"WebSite","@id":"https:\/\/talleresloam.com\/#website","url":"https:\/\/talleresloam.com\/","name":"Talleres Loam","description":"Fontaner\u00eda, instalaciones de sistemas de calefacci\u00f3n y aire acondicionado","publisher":{"@id":"https:\/\/talleresloam.com\/#organization"},"potentialAction":[{"@type":"SearchAction","target":{"@type":"EntryPoint","urlTemplate":"https:\/\/talleresloam.com\/?s={search_term_string}"},"query-input":{"@type":"PropertyValueSpecification","valueRequired":true,"valueName":"search_term_string"}}],"inLanguage":"ca"},{"@type":"Organization","@id":"https:\/\/talleresloam.com\/#organization","name":"Talleres Loam","url":"https:\/\/talleresloam.com\/","logo":{"@type":"ImageObject","inLanguage":"ca","@id":"https:\/\/talleresloam.com\/#\/schema\/logo\/image\/","url":"https:\/\/talleresloam.com\/wp-content\/uploads\/2019\/05\/logo-talleres-loam@2x.png","contentUrl":"https:\/\/talleresloam.com\/wp-content\/uploads\/2019\/05\/logo-talleres-loam@2x.png","width":918,"height":206,"caption":"Talleres Loam"},"image":{"@id":"https:\/\/talleresloam.com\/#\/schema\/logo\/image\/"}}]}},"_links":{"self":[{"href":"https:\/\/talleresloam.com\/ca\/wp-json\/wp\/v2\/pages\/1357","targetHints":{"allow":["GET"]}}],"collection":[{"href":"https:\/\/talleresloam.com\/ca\/wp-json\/wp\/v2\/pages"}],"about":[{"href":"https:\/\/talleresloam.com\/ca\/wp-json\/wp\/v2\/types\/page"}],"author":[{"embeddable":true,"href":"https:\/\/talleresloam.com\/ca\/wp-json\/wp\/v2\/users\/1"}],"replies":[{"embeddable":true,"href":"https:\/\/talleresloam.com\/ca\/wp-json\/wp\/v2\/comments?post=1357"}],"version-history":[{"count":3,"href":"https:\/\/talleresloam.com\/ca\/wp-json\/wp\/v2\/pages\/1357\/revisions"}],"predecessor-version":[{"id":1477,"href":"https:\/\/talleresloam.com\/ca\/wp-json\/wp\/v2\/pages\/1357\/revisions\/1477"}],"wp:attachment":[{"href":"https:\/\/talleresloam.com\/ca\/wp-json\/wp\/v2\/media?parent=1357"}],"curies":[{"name":"wp","href":"https:\/\/api.w.org\/{rel}","templated":true}]}}